{"id":1762,"date":"2025-06-26T15:43:44","date_gmt":"2025-06-26T13:43:44","guid":{"rendered":"https:\/\/dondiegobbtaormina.it\/convenzioni\/"},"modified":"2025-07-28T13:57:04","modified_gmt":"2025-07-28T11:57:04","slug":"agreements","status":"publish","type":"page","link":"https:\/\/dondiegobbtaormina.it\/en\/agreements\/","title":{"rendered":"Agreements"},"content":{"rendered":"<div class=\"fusion-fullwidth fullwidth-box fusion-builder-row-1 fusion-flex-container has-pattern-background has-mask-background nonhundred-percent-fullwidth non-hundred-percent-height-scrolling\" style=\"--awb-border-radius-top-left:0px;--awb-border-radius-top-right:0px;--awb-border-radius-bottom-right:0px;--awb-border-radius-bottom-left:0px;--awb-padding-top:100px;--awb-padding-bottom:100px;--awb-background-size:400px;--awb-flex-wrap:wrap;\" ><div class=\"fusion-builder-row fusion-row fusion-flex-align-items-flex-start fusion-flex-content-wrap\" style=\"max-width:1248px;margin-left: calc(-4% \/ 2 );margin-right: calc(-4% \/ 2 );\"><div class=\"fusion-layout-column fusion_builder_column fusion-builder-column-0 fusion_builder_column_1_1 1_1 fusion-flex-column\" style=\"--awb-bg-size:cover;--awb-width-large:100%;--awb-margin-top-large:0px;--awb-spacing-right-large:1.92%;--awb-margin-bottom-large:0px;--awb-spacing-left-large:1.92%;--awb-width-medium:100%;--awb-order-medium:0;--awb-spacing-right-medium:1.92%;--awb-spacing-left-medium:1.92%;--awb-width-small:100%;--awb-order-small:0;--awb-spacing-right-small:1.92%;--awb-spacing-left-small:1.92%;\"><div class=\"fusion-column-wrapper fusion-column-has-shadow fusion-flex-justify-content-flex-start fusion-content-layout-column\"><div class=\"fusion-text fusion-text-1 fusion-text-no-margin\" style=\"--awb-margin-bottom:50px;\"><p>To help you enjoy your vacation to the fullest and discover the area authentically, we\u2019ve selected experiences and tips that share our hospitality philosophy.<br \/>Carefully chosen suggestions\u2014just like Don Diego would make.<\/p>\n<\/div><div class=\"fusion-post-cards fusion-post-cards-1 fusion-grid-archive fusion-grid-columns-1\" style=\"--awb-column-spacing:0px;--awb-dots-align:center;--awb-columns:1;--awb-active-filter-border-size:3px;--awb-filters-height:36px;--awb-row-spacing:20px;--awb-columns-medium:100%;--awb-columns-small:100%;\"><ul class=\"fusion-grid fusion-grid-1 fusion-flex-align-items-flex-start fusion-grid-posts-cards\"><li class=\"fusion-layout-column fusion_builder_column fusion-builder-column-1 fusion-flex-column post-card fusion-grid-column fusion-post-cards-grid-column\" style=\"--awb-bg-blend:overlay;--awb-bg-size:cover;\"><div class=\"fusion-column-wrapper fusion-flex-justify-content-flex-start fusion-content-layout-column\"><div class=\"fusion-builder-row fusion-builder-row-inner fusion-row fusion-flex-align-items-flex-start fusion-flex-content-wrap\" style=\"width:104% !important;max-width:104% !important;margin-left: calc(-4% \/ 2 );margin-right: calc(-4% \/ 2 );\"><div class=\"fusion-layout-column fusion_builder_column_inner fusion-builder-nested-column-0 fusion_builder_column_inner_1_5 1_5 fusion-flex-column fusion-flex-align-self-stretch\" style=\"--awb-bg-size:cover;--awb-width-large:20%;--awb-margin-top-large:0px;--awb-spacing-right-large:9.6%;--awb-margin-bottom-large:0px;--awb-spacing-left-large:9.6%;--awb-width-medium:20%;--awb-order-medium:0;--awb-spacing-right-medium:9.6%;--awb-spacing-left-medium:9.6%;--awb-width-small:100%;--awb-order-small:0;--awb-spacing-right-small:1.92%;--awb-spacing-left-small:1.92%;\" data-scroll-devices=\"small-visibility,medium-visibility,large-visibility\"><div class=\"fusion-column-wrapper fusion-column-has-shadow fusion-flex-justify-content-center fusion-content-layout-column\"><div class=\"fusion-image-element \" style=\"text-align:center;--awb-aspect-ratio:16 \/ 9;--awb-margin-bottom-small:30px;--awb-caption-title-font-family:var(--h2_typography-font-family);--awb-caption-title-font-weight:var(--h2_typography-font-weight);--awb-caption-title-font-style:var(--h2_typography-font-style);--awb-caption-title-size:var(--h2_typography-font-size);--awb-caption-title-transform:var(--h2_typography-text-transform);--awb-caption-title-line-height:var(--h2_typography-line-height);--awb-caption-title-letter-spacing:var(--h2_typography-letter-spacing);\"><span class=\" fusion-imageframe imageframe-none imageframe-1 hover-type-none has-aspect-ratio\"><img decoding=\"async\" width=\"500\" height=\"500\" title=\"dondiego-convenzioni-img-2\" src=\"https:\/\/dondiegobbtaormina.it\/wp-content\/uploads\/2025\/06\/dondiego-convenzioni-img-2.webp\" class=\"img-responsive wp-image-1657 img-with-aspect-ratio\" data-parent-fit=\"cover\" data-parent-container=\".fusion-image-element\" alt srcset=\"https:\/\/dondiegobbtaormina.it\/wp-content\/uploads\/2025\/06\/dondiego-convenzioni-img-2-66x66.webp 66w, https:\/\/dondiegobbtaormina.it\/wp-content\/uploads\/2025\/06\/dondiego-convenzioni-img-2-150x150.webp 150w, https:\/\/dondiegobbtaormina.it\/wp-content\/uploads\/2025\/06\/dondiego-convenzioni-img-2-200x200.webp 200w, https:\/\/dondiegobbtaormina.it\/wp-content\/uploads\/2025\/06\/dondiego-convenzioni-img-2-300x300.webp 300w, https:\/\/dondiegobbtaormina.it\/wp-content\/uploads\/2025\/06\/dondiego-convenzioni-img-2-400x400.webp 400w, https:\/\/dondiegobbtaormina.it\/wp-content\/uploads\/2025\/06\/dondiego-convenzioni-img-2.webp 500w\" sizes=\"(max-width: 640px) 100vw, 200px\" \/><\/span><\/div><\/div><\/div><div class=\"fusion-layout-column fusion_builder_column_inner fusion-builder-nested-column-1 fusion_builder_column_inner_3_5 3_5 fusion-flex-column fusion-flex-align-self-stretch\" style=\"--awb-bg-size:cover;--awb-width-large:60%;--awb-margin-top-large:0px;--awb-spacing-right-large:3.2%;--awb-margin-bottom-large:0px;--awb-spacing-left-large:3.2%;--awb-width-medium:60%;--awb-order-medium:0;--awb-spacing-right-medium:3.2%;--awb-spacing-left-medium:3.2%;--awb-width-small:100%;--awb-order-small:0;--awb-spacing-right-small:1.92%;--awb-spacing-left-small:1.92%;\" data-scroll-devices=\"small-visibility,medium-visibility,large-visibility\"><div class=\"fusion-column-wrapper fusion-column-has-shadow fusion-flex-justify-content-center fusion-content-layout-column\"><div class=\"fusion-title title fusion-title-1 fusion-sep-none fusion-title-text fusion-title-size-three\" style=\"--awb-margin-top:20px;--awb-margin-bottom:10px;--awb-font-size:21px;\"><h3 class=\"fusion-title-heading title-heading-left fusion-responsive-typography-calculated\" style=\"font-family:&quot;Karla&quot;;font-style:normal;font-weight:400;margin:0;font-size:1em;--fontSize:21;--minFontSize:21;line-height:var(--awb-typography1-line-height);\">Sicily Car Driver<\/h3><\/div><div class=\"fusion-content-tb fusion-content-tb-1\" style=\"--awb-text-color:var(--awb-color7);--awb-margin-bottom:0px;--awb-text-transform:none;\"><p>Sicily Car Driver \u00e8 un\u2019azienda di noleggio con conducente in Sicilia ed offre trasferimenti per privati, professionisti e aziende, garantendo puntualit\u00e0, comfort e riservatezza. Lo staff assicura un servizio su misura per ogni esigenza: dai transfer aeroportuali ai tour privati, per viaggi sempre affidabili e di alto livello.<\/p>\n<p>&nbsp;<\/p>\n<p>Sicily Car Driver is a chauffeur-driven car rental company in Sicily, offering transfers for individuals, professionals, and companies, guaranteeing punctuality, comfort, and confidentiality. Our staff provides a tailor-made service for every need: from airport transfers to private tours, for consistently reliable and high-quality travel.<\/p>\n<\/div><\/div><\/div><div class=\"fusion-layout-column fusion_builder_column_inner fusion-builder-nested-column-2 fusion_builder_column_inner_1_5 1_5 fusion-flex-column fusion-flex-align-self-stretch\" style=\"--awb-bg-size:cover;--awb-width-large:20%;--awb-margin-top-large:0px;--awb-spacing-right-large:9.6%;--awb-margin-bottom-large:0px;--awb-spacing-left-large:9.6%;--awb-width-medium:20%;--awb-order-medium:0;--awb-spacing-right-medium:9.6%;--awb-spacing-left-medium:9.6%;--awb-width-small:100%;--awb-order-small:0;--awb-spacing-right-small:1.92%;--awb-spacing-left-small:1.92%;\" data-scroll-devices=\"small-visibility,medium-visibility,large-visibility\"><div class=\"fusion-column-wrapper fusion-column-has-shadow fusion-flex-justify-content-center fusion-content-layout-column\"><div style=\"text-align:center;\"><a class=\"fusion-button button-flat fusion-button-default-size button-default fusion-button-default button-1 fusion-button-span-yes fusion-button-default-type\" style=\"--button_text_transform:uppercase;\" target=\"_blank\" rel=\"noopener noreferrer\" href=\"https:\/\/dondiegobbtaormina.it\/wp-content\/uploads\/2025\/07\/Sicily-Car-Driver.pdf\"><span class=\"fusion-button-text awb-button__text awb-button__text--default\">Read more<\/span><\/a><\/div><\/div><\/div><\/div><div class=\"fusion-separator fusion-full-width-sep\" style=\"align-self: center;margin-left: auto;margin-right: auto;margin-top:30px;margin-bottom:30px;width:100%;\"><div class=\"fusion-separator-border sep-single sep-solid\" style=\"--awb-height:20px;--awb-amount:20px;--awb-sep-color:rgba(20,22,23,0.2);border-color:rgba(20,22,23,0.2);border-top-width:1px;\"><\/div><\/div><\/div><\/li>\n<li class=\"fusion-layout-column fusion_builder_column fusion-builder-column-2 fusion-flex-column post-card fusion-grid-column fusion-post-cards-grid-column\" style=\"--awb-bg-blend:overlay;--awb-bg-size:cover;\"><div class=\"fusion-column-wrapper fusion-flex-justify-content-flex-start fusion-content-layout-column\"><div class=\"fusion-builder-row fusion-builder-row-inner fusion-row fusion-flex-align-items-flex-start fusion-flex-content-wrap\" style=\"width:104% !important;max-width:104% !important;margin-left: calc(-4% \/ 2 );margin-right: calc(-4% \/ 2 );\"><div class=\"fusion-layout-column fusion_builder_column_inner fusion-builder-nested-column-3 fusion_builder_column_inner_1_5 1_5 fusion-flex-column fusion-flex-align-self-stretch\" style=\"--awb-bg-size:cover;--awb-width-large:20%;--awb-margin-top-large:0px;--awb-spacing-right-large:9.6%;--awb-margin-bottom-large:0px;--awb-spacing-left-large:9.6%;--awb-width-medium:20%;--awb-order-medium:0;--awb-spacing-right-medium:9.6%;--awb-spacing-left-medium:9.6%;--awb-width-small:100%;--awb-order-small:0;--awb-spacing-right-small:1.92%;--awb-spacing-left-small:1.92%;\" data-scroll-devices=\"small-visibility,medium-visibility,large-visibility\"><div class=\"fusion-column-wrapper fusion-column-has-shadow fusion-flex-justify-content-center fusion-content-layout-column\"><div class=\"fusion-image-element \" style=\"text-align:center;--awb-aspect-ratio:16 \/ 9;--awb-margin-bottom-small:30px;--awb-caption-title-font-family:var(--h2_typography-font-family);--awb-caption-title-font-weight:var(--h2_typography-font-weight);--awb-caption-title-font-style:var(--h2_typography-font-style);--awb-caption-title-size:var(--h2_typography-font-size);--awb-caption-title-transform:var(--h2_typography-text-transform);--awb-caption-title-line-height:var(--h2_typography-line-height);--awb-caption-title-letter-spacing:var(--h2_typography-letter-spacing);\"><span class=\" fusion-imageframe imageframe-none imageframe-2 hover-type-none has-aspect-ratio\"><img decoding=\"async\" width=\"500\" height=\"500\" title=\"dondiego-convenzioni-img-1\" src=\"https:\/\/dondiegobbtaormina.it\/wp-content\/uploads\/2025\/06\/dondiego-convenzioni-img-1.webp\" class=\"img-responsive wp-image-1656 img-with-aspect-ratio\" data-parent-fit=\"cover\" data-parent-container=\".fusion-image-element\" alt srcset=\"https:\/\/dondiegobbtaormina.it\/wp-content\/uploads\/2025\/06\/dondiego-convenzioni-img-1-66x66.webp 66w, https:\/\/dondiegobbtaormina.it\/wp-content\/uploads\/2025\/06\/dondiego-convenzioni-img-1-150x150.webp 150w, https:\/\/dondiegobbtaormina.it\/wp-content\/uploads\/2025\/06\/dondiego-convenzioni-img-1-200x200.webp 200w, https:\/\/dondiegobbtaormina.it\/wp-content\/uploads\/2025\/06\/dondiego-convenzioni-img-1-300x300.webp 300w, https:\/\/dondiegobbtaormina.it\/wp-content\/uploads\/2025\/06\/dondiego-convenzioni-img-1-400x400.webp 400w, https:\/\/dondiegobbtaormina.it\/wp-content\/uploads\/2025\/06\/dondiego-convenzioni-img-1.webp 500w\" sizes=\"(max-width: 640px) 100vw, 200px\" \/><\/span><\/div><\/div><\/div><div class=\"fusion-layout-column fusion_builder_column_inner fusion-builder-nested-column-4 fusion_builder_column_inner_3_5 3_5 fusion-flex-column fusion-flex-align-self-stretch\" style=\"--awb-bg-size:cover;--awb-width-large:60%;--awb-margin-top-large:0px;--awb-spacing-right-large:3.2%;--awb-margin-bottom-large:0px;--awb-spacing-left-large:3.2%;--awb-width-medium:60%;--awb-order-medium:0;--awb-spacing-right-medium:3.2%;--awb-spacing-left-medium:3.2%;--awb-width-small:100%;--awb-order-small:0;--awb-spacing-right-small:1.92%;--awb-spacing-left-small:1.92%;\" data-scroll-devices=\"small-visibility,medium-visibility,large-visibility\"><div class=\"fusion-column-wrapper fusion-column-has-shadow fusion-flex-justify-content-center fusion-content-layout-column\"><div class=\"fusion-title title fusion-title-2 fusion-sep-none fusion-title-text fusion-title-size-three\" style=\"--awb-margin-top:20px;--awb-margin-bottom:10px;--awb-font-size:21px;\"><h3 class=\"fusion-title-heading title-heading-left fusion-responsive-typography-calculated\" style=\"font-family:&quot;Karla&quot;;font-style:normal;font-weight:400;margin:0;font-size:1em;--fontSize:21;--minFontSize:21;line-height:var(--awb-typography1-line-height);\">Funivia dell&#8217;Etna<\/h3><\/div><div class=\"fusion-content-tb fusion-content-tb-2\" style=\"--awb-text-color:var(--awb-color7);--awb-margin-bottom:0px;--awb-text-transform:none;\"><p class=\"p1\">Scopri il vulcano attivo pi\u00f9 alto d&#8217;Europa in modo sicuro e confortevole con Funivia dell&#8217;Etna. I nostri tour sono adatti a tutte le et\u00e0 e livelli di preparazione fisica, anche per persone con disabilit\u00e0, grazie a una comoda combinazione di mezzi: telecabina, bus 4\u00d74 e guida vulcanologica.<\/p>\n<p>&nbsp;<\/p>\n<p>Discover Europe&#8217;s highest active volcano safely and comfortably with the Etna Cable Car. Our tours are suitable for all ages and fitness levels, including those with disabilities, thanks to a convenient combination of transport: cable car, 4&#215;4 bus, and volcanological guide.<\/p>\n<\/div><\/div><\/div><div class=\"fusion-layout-column fusion_builder_column_inner fusion-builder-nested-column-5 fusion_builder_column_inner_1_5 1_5 fusion-flex-column fusion-flex-align-self-stretch\" style=\"--awb-bg-size:cover;--awb-width-large:20%;--awb-margin-top-large:0px;--awb-spacing-right-large:9.6%;--awb-margin-bottom-large:0px;--awb-spacing-left-large:9.6%;--awb-width-medium:20%;--awb-order-medium:0;--awb-spacing-right-medium:9.6%;--awb-spacing-left-medium:9.6%;--awb-width-small:100%;--awb-order-small:0;--awb-spacing-right-small:1.92%;--awb-spacing-left-small:1.92%;\" data-scroll-devices=\"small-visibility,medium-visibility,large-visibility\"><div class=\"fusion-column-wrapper fusion-column-has-shadow fusion-flex-justify-content-center fusion-content-layout-column\"><div style=\"text-align:center;\"><a class=\"fusion-button button-flat fusion-button-default-size button-default fusion-button-default button-2 fusion-button-span-yes fusion-button-default-type\" style=\"--button_text_transform:uppercase;\" target=\"_blank\" rel=\"noopener noreferrer\" href=\"https:\/\/dondiegobbtaormina.it\/wp-content\/uploads\/2025\/07\/Funivia-dellEtna-Leaflet-DON-DIEGO-LUXURY-ROOMS-min.pdf\"><span class=\"fusion-button-text awb-button__text awb-button__text--default\">Read more<\/span><\/a><\/div><\/div><\/div><\/div><div class=\"fusion-separator fusion-full-width-sep\" style=\"align-self: center;margin-left: auto;margin-right: auto;margin-top:30px;margin-bottom:30px;width:100%;\"><div class=\"fusion-separator-border sep-single sep-solid\" style=\"--awb-height:20px;--awb-amount:20px;--awb-sep-color:rgba(20,22,23,0.2);border-color:rgba(20,22,23,0.2);border-top-width:1px;\"><\/div><\/div><\/div><\/li>\n<\/ul><\/div><\/div><\/div><\/div><\/div>\n","protected":false},"excerpt":{"rendered":"","protected":false},"author":3,"featured_media":1723,"parent":0,"menu_order":0,"comment_status":"closed","ping_status":"closed","template":"100-width.php","meta":{"_acf_changed":false,"footnotes":""},"class_list":["post-1762","page","type-page","status-publish","has-post-thumbnail","hentry"],"acf":[],"yoast_head":"<!-- This site is optimized with the Yoast SEO plugin v27.5 - https:\/\/yoast.com\/product\/yoast-seo-wordpress\/ -->\n<title>Agreements - Don Diego Rooms - B&amp;B a Taormina<\/title>\n<meta name=\"robots\" content=\"index, follow, max-snippet:-1, max-image-preview:large, max-video-preview:-1\" \/>\n<link rel=\"canonical\" href=\"https:\/\/dondiegobbtaormina.it\/en\/agreements\/\" \/>\n<meta property=\"og:locale\" content=\"en_US\" \/>\n<meta property=\"og:type\" content=\"article\" \/>\n<meta property=\"og:title\" content=\"Agreements - Don Diego Rooms - B&amp;B a Taormina\" \/>\n<meta property=\"og:url\" content=\"https:\/\/dondiegobbtaormina.it\/en\/agreements\/\" \/>\n<meta property=\"og:site_name\" content=\"Don Diego Rooms - B&amp;B a Taormina\" \/>\n<meta property=\"article:modified_time\" content=\"2025-07-28T11:57:04+00:00\" \/>\n<meta property=\"og:image\" content=\"https:\/\/dondiegobbtaormina.it\/wp-content\/uploads\/2025\/07\/dondiego-img-40.webp\" \/>\n\t<meta property=\"og:image:width\" content=\"1920\" \/>\n\t<meta property=\"og:image:height\" content=\"600\" \/>\n\t<meta property=\"og:image:type\" content=\"image\/webp\" \/>\n<meta name=\"twitter:card\" content=\"summary_large_image\" \/>\n<meta name=\"twitter:label1\" content=\"Est. reading time\" \/>\n\t<meta name=\"twitter:data1\" content=\"1 minute\" \/>\n<script type=\"application\/ld+json\" class=\"yoast-schema-graph\">{\"@context\":\"https:\\\/\\\/schema.org\",\"@graph\":[{\"@type\":\"WebPage\",\"@id\":\"https:\\\/\\\/dondiegobbtaormina.it\\\/en\\\/agreements\\\/\",\"url\":\"https:\\\/\\\/dondiegobbtaormina.it\\\/en\\\/agreements\\\/\",\"name\":\"Agreements - Don Diego Rooms - B&amp;B a Taormina\",\"isPartOf\":{\"@id\":\"https:\\\/\\\/dondiegobbtaormina.it\\\/en\\\/#website\"},\"primaryImageOfPage\":{\"@id\":\"https:\\\/\\\/dondiegobbtaormina.it\\\/en\\\/agreements\\\/#primaryimage\"},\"image\":{\"@id\":\"https:\\\/\\\/dondiegobbtaormina.it\\\/en\\\/agreements\\\/#primaryimage\"},\"thumbnailUrl\":\"https:\\\/\\\/dondiegobbtaormina.it\\\/wp-content\\\/uploads\\\/2025\\\/07\\\/dondiego-img-40.webp\",\"datePublished\":\"2025-06-26T13:43:44+00:00\",\"dateModified\":\"2025-07-28T11:57:04+00:00\",\"breadcrumb\":{\"@id\":\"https:\\\/\\\/dondiegobbtaormina.it\\\/en\\\/agreements\\\/#breadcrumb\"},\"inLanguage\":\"en-US\",\"potentialAction\":[{\"@type\":\"ReadAction\",\"target\":[\"https:\\\/\\\/dondiegobbtaormina.it\\\/en\\\/agreements\\\/\"]}]},{\"@type\":\"ImageObject\",\"inLanguage\":\"en-US\",\"@id\":\"https:\\\/\\\/dondiegobbtaormina.it\\\/en\\\/agreements\\\/#primaryimage\",\"url\":\"https:\\\/\\\/dondiegobbtaormina.it\\\/wp-content\\\/uploads\\\/2025\\\/07\\\/dondiego-img-40.webp\",\"contentUrl\":\"https:\\\/\\\/dondiegobbtaormina.it\\\/wp-content\\\/uploads\\\/2025\\\/07\\\/dondiego-img-40.webp\",\"width\":1920,\"height\":600},{\"@type\":\"BreadcrumbList\",\"@id\":\"https:\\\/\\\/dondiegobbtaormina.it\\\/en\\\/agreements\\\/#breadcrumb\",\"itemListElement\":[{\"@type\":\"ListItem\",\"position\":1,\"name\":\"Home\",\"item\":\"https:\\\/\\\/dondiegobbtaormina.it\\\/en\\\/\"},{\"@type\":\"ListItem\",\"position\":2,\"name\":\"Agreements\"}]},{\"@type\":\"WebSite\",\"@id\":\"https:\\\/\\\/dondiegobbtaormina.it\\\/en\\\/#website\",\"url\":\"https:\\\/\\\/dondiegobbtaormina.it\\\/en\\\/\",\"name\":\"Don Diego Rooms - B&B a Taormina\",\"description\":\"\",\"publisher\":{\"@id\":\"https:\\\/\\\/dondiegobbtaormina.it\\\/en\\\/#organization\"},\"potentialAction\":[{\"@type\":\"SearchAction\",\"target\":{\"@type\":\"EntryPoint\",\"urlTemplate\":\"https:\\\/\\\/dondiegobbtaormina.it\\\/en\\\/?s={search_term_string}\"},\"query-input\":{\"@type\":\"PropertyValueSpecification\",\"valueRequired\":true,\"valueName\":\"search_term_string\"}}],\"inLanguage\":\"en-US\"},{\"@type\":\"Organization\",\"@id\":\"https:\\\/\\\/dondiegobbtaormina.it\\\/en\\\/#organization\",\"name\":\"Don Diego Rooms - B&B a Taormina\",\"url\":\"https:\\\/\\\/dondiegobbtaormina.it\\\/en\\\/\",\"logo\":{\"@type\":\"ImageObject\",\"inLanguage\":\"en-US\",\"@id\":\"https:\\\/\\\/dondiegobbtaormina.it\\\/en\\\/#\\\/schema\\\/logo\\\/image\\\/\",\"url\":\"https:\\\/\\\/dondiegobbtaormina.it\\\/wp-content\\\/uploads\\\/2025\\\/06\\\/Don-Diego-Room-bb-a-Taormina.svg\",\"contentUrl\":\"https:\\\/\\\/dondiegobbtaormina.it\\\/wp-content\\\/uploads\\\/2025\\\/06\\\/Don-Diego-Room-bb-a-Taormina.svg\",\"width\":910,\"height\":270,\"caption\":\"Don Diego Rooms - B&B a Taormina\"},\"image\":{\"@id\":\"https:\\\/\\\/dondiegobbtaormina.it\\\/en\\\/#\\\/schema\\\/logo\\\/image\\\/\"},\"sameAs\":[\"https:\\\/\\\/www.instagram.com\\\/_dondiegoluxuryrooms_\\\/?igshid=MzRlODBiNWFlZA\"]}]}<\/script>\n<!-- \/ Yoast SEO plugin. -->","yoast_head_json":{"title":"Agreements - Don Diego Rooms - B&amp;B a Taormina","robots":{"index":"index","follow":"follow","max-snippet":"max-snippet:-1","max-image-preview":"max-image-preview:large","max-video-preview":"max-video-preview:-1"},"canonical":"https:\/\/dondiegobbtaormina.it\/en\/agreements\/","og_locale":"en_US","og_type":"article","og_title":"Agreements - Don Diego Rooms - B&amp;B a Taormina","og_url":"https:\/\/dondiegobbtaormina.it\/en\/agreements\/","og_site_name":"Don Diego Rooms - B&amp;B a Taormina","article_modified_time":"2025-07-28T11:57:04+00:00","og_image":[{"width":1920,"height":600,"url":"https:\/\/dondiegobbtaormina.it\/wp-content\/uploads\/2025\/07\/dondiego-img-40.webp","type":"image\/webp"}],"twitter_card":"summary_large_image","twitter_misc":{"Est. reading time":"1 minute"},"schema":{"@context":"https:\/\/schema.org","@graph":[{"@type":"WebPage","@id":"https:\/\/dondiegobbtaormina.it\/en\/agreements\/","url":"https:\/\/dondiegobbtaormina.it\/en\/agreements\/","name":"Agreements - Don Diego Rooms - B&amp;B a Taormina","isPartOf":{"@id":"https:\/\/dondiegobbtaormina.it\/en\/#website"},"primaryImageOfPage":{"@id":"https:\/\/dondiegobbtaormina.it\/en\/agreements\/#primaryimage"},"image":{"@id":"https:\/\/dondiegobbtaormina.it\/en\/agreements\/#primaryimage"},"thumbnailUrl":"https:\/\/dondiegobbtaormina.it\/wp-content\/uploads\/2025\/07\/dondiego-img-40.webp","datePublished":"2025-06-26T13:43:44+00:00","dateModified":"2025-07-28T11:57:04+00:00","breadcrumb":{"@id":"https:\/\/dondiegobbtaormina.it\/en\/agreements\/#breadcrumb"},"inLanguage":"en-US","potentialAction":[{"@type":"ReadAction","target":["https:\/\/dondiegobbtaormina.it\/en\/agreements\/"]}]},{"@type":"ImageObject","inLanguage":"en-US","@id":"https:\/\/dondiegobbtaormina.it\/en\/agreements\/#primaryimage","url":"https:\/\/dondiegobbtaormina.it\/wp-content\/uploads\/2025\/07\/dondiego-img-40.webp","contentUrl":"https:\/\/dondiegobbtaormina.it\/wp-content\/uploads\/2025\/07\/dondiego-img-40.webp","width":1920,"height":600},{"@type":"BreadcrumbList","@id":"https:\/\/dondiegobbtaormina.it\/en\/agreements\/#breadcrumb","itemListElement":[{"@type":"ListItem","position":1,"name":"Home","item":"https:\/\/dondiegobbtaormina.it\/en\/"},{"@type":"ListItem","position":2,"name":"Agreements"}]},{"@type":"WebSite","@id":"https:\/\/dondiegobbtaormina.it\/en\/#website","url":"https:\/\/dondiegobbtaormina.it\/en\/","name":"Don Diego Rooms - B&B a Taormina","description":"","publisher":{"@id":"https:\/\/dondiegobbtaormina.it\/en\/#organization"},"potentialAction":[{"@type":"SearchAction","target":{"@type":"EntryPoint","urlTemplate":"https:\/\/dondiegobbtaormina.it\/en\/?s={search_term_string}"},"query-input":{"@type":"PropertyValueSpecification","valueRequired":true,"valueName":"search_term_string"}}],"inLanguage":"en-US"},{"@type":"Organization","@id":"https:\/\/dondiegobbtaormina.it\/en\/#organization","name":"Don Diego Rooms - B&B a Taormina","url":"https:\/\/dondiegobbtaormina.it\/en\/","logo":{"@type":"ImageObject","inLanguage":"en-US","@id":"https:\/\/dondiegobbtaormina.it\/en\/#\/schema\/logo\/image\/","url":"https:\/\/dondiegobbtaormina.it\/wp-content\/uploads\/2025\/06\/Don-Diego-Room-bb-a-Taormina.svg","contentUrl":"https:\/\/dondiegobbtaormina.it\/wp-content\/uploads\/2025\/06\/Don-Diego-Room-bb-a-Taormina.svg","width":910,"height":270,"caption":"Don Diego Rooms - B&B a Taormina"},"image":{"@id":"https:\/\/dondiegobbtaormina.it\/en\/#\/schema\/logo\/image\/"},"sameAs":["https:\/\/www.instagram.com\/_dondiegoluxuryrooms_\/?igshid=MzRlODBiNWFlZA"]}]}},"_links":{"self":[{"href":"https:\/\/dondiegobbtaormina.it\/en\/wp-json\/wp\/v2\/pages\/1762","targetHints":{"allow":["GET"]}}],"collection":[{"href":"https:\/\/dondiegobbtaormina.it\/en\/wp-json\/wp\/v2\/pages"}],"about":[{"href":"https:\/\/dondiegobbtaormina.it\/en\/wp-json\/wp\/v2\/types\/page"}],"author":[{"embeddable":true,"href":"https:\/\/dondiegobbtaormina.it\/en\/wp-json\/wp\/v2\/users\/3"}],"replies":[{"embeddable":true,"href":"https:\/\/dondiegobbtaormina.it\/en\/wp-json\/wp\/v2\/comments?post=1762"}],"version-history":[{"count":3,"href":"https:\/\/dondiegobbtaormina.it\/en\/wp-json\/wp\/v2\/pages\/1762\/revisions"}],"predecessor-version":[{"id":1765,"href":"https:\/\/dondiegobbtaormina.it\/en\/wp-json\/wp\/v2\/pages\/1762\/revisions\/1765"}],"wp:featuredmedia":[{"embeddable":true,"href":"https:\/\/dondiegobbtaormina.it\/en\/wp-json\/wp\/v2\/media\/1723"}],"wp:attachment":[{"href":"https:\/\/dondiegobbtaormina.it\/en\/wp-json\/wp\/v2\/media?parent=1762"}],"curies":[{"name":"wp","href":"https:\/\/api.w.org\/{rel}","templated":true}]}}